{"id":926,"date":"2024-11-24T18:32:51","date_gmt":"2024-11-24T18:32:51","guid":{"rendered":"https:\/\/xn--hrningborgerforening-bcc.dk\/?page_id=926"},"modified":"2025-11-22T10:55:53","modified_gmt":"2025-11-22T10:55:53","slug":"juletraeet","status":"publish","type":"page","link":"https:\/\/xn--hrningborgerforening-bcc.dk\/index.php\/juletraeet\/","title":{"rendered":"Juletr\u00e6et"},"content":{"rendered":"\n<div class=\"wp-block-media-text alignwide is-stacked-on-mobile is-vertically-aligned-center\" style=\"grid-template-columns:31% auto\"><figure class=\"wp-block-media-text__media\"><img loading=\"lazy\" decoding=\"async\" width=\"1024\" height=\"768\" src=\"https:\/\/xn--hrningborgerforening-bcc.dk\/wp-content\/uploads\/2025\/11\/IMG_50711-1024x768.jpg\" alt=\"\" class=\"wp-image-1117 size-full\" srcset=\"https:\/\/xn--hrningborgerforening-bcc.dk\/wp-content\/uploads\/2025\/11\/IMG_50711-1024x768.jpg 1024w, https:\/\/xn--hrningborgerforening-bcc.dk\/wp-content\/uploads\/2025\/11\/IMG_50711-300x225.jpg 300w, https:\/\/xn--hrningborgerforening-bcc.dk\/wp-content\/uploads\/2025\/11\/IMG_50711-768x576.jpg 768w, https:\/\/xn--hrningborgerforening-bcc.dk\/wp-content\/uploads\/2025\/11\/IMG_50711-100x75.jpg 100w, https:\/\/xn--hrningborgerforening-bcc.dk\/wp-content\/uploads\/2025\/11\/IMG_50711-1536x1152.jpg 1536w, https:\/\/xn--hrningborgerforening-bcc.dk\/wp-content\/uploads\/2025\/11\/IMG_50711-2048x1536.jpg 2048w\" sizes=\"auto, (max-width: 1024px) 100vw, 1024px\" \/><\/figure><div class=\"wp-block-media-text__content\">\n<p>S\u00e5dan s\u00e5 det ud, da juletr\u00e6et blev t\u00e6ndt.<\/p>\n<\/div><\/div>\n\n\n\n<div style=\"height:39px\" aria-hidden=\"true\" class=\"wp-block-spacer\"><\/div>\n\n\n\n<div class=\"wp-block-columns is-layout-flex wp-container-core-columns-is-layout-9d6595d7 wp-block-columns-is-layout-flex\">\n<div class=\"wp-block-column is-layout-flow wp-block-column-is-layout-flow\">\n<figure class=\"wp-block-image size-large\"><img loading=\"lazy\" decoding=\"async\" width=\"768\" height=\"1024\" src=\"https:\/\/xn--hrningborgerforening-bcc.dk\/wp-content\/uploads\/2025\/11\/IMG_50781-768x1024.jpg\" alt=\"\" class=\"wp-image-1120\" srcset=\"https:\/\/xn--hrningborgerforening-bcc.dk\/wp-content\/uploads\/2025\/11\/IMG_50781-768x1024.jpg 768w, https:\/\/xn--hrningborgerforening-bcc.dk\/wp-content\/uploads\/2025\/11\/IMG_50781-225x300.jpg 225w, https:\/\/xn--hrningborgerforening-bcc.dk\/wp-content\/uploads\/2025\/11\/IMG_50781-100x133.jpg 100w, https:\/\/xn--hrningborgerforening-bcc.dk\/wp-content\/uploads\/2025\/11\/IMG_50781-1152x1536.jpg 1152w, https:\/\/xn--hrningborgerforening-bcc.dk\/wp-content\/uploads\/2025\/11\/IMG_50781-1536x2048.jpg 1536w, https:\/\/xn--hrningborgerforening-bcc.dk\/wp-content\/uploads\/2025\/11\/IMG_50781-scaled.jpg 1920w\" sizes=\"auto, (max-width: 768px) 100vw, 768px\" \/><\/figure>\n<\/div>\n\n\n\n<div class=\"wp-block-column is-layout-flow wp-block-column-is-layout-flow\">\n<figure class=\"wp-block-image size-large\"><img loading=\"lazy\" decoding=\"async\" width=\"1024\" height=\"768\" src=\"https:\/\/xn--hrningborgerforening-bcc.dk\/wp-content\/uploads\/2025\/11\/IMG_50751-1024x768.jpg\" alt=\"\" class=\"wp-image-1118\" srcset=\"https:\/\/xn--hrningborgerforening-bcc.dk\/wp-content\/uploads\/2025\/11\/IMG_50751-1024x768.jpg 1024w, https:\/\/xn--hrningborgerforening-bcc.dk\/wp-content\/uploads\/2025\/11\/IMG_50751-300x225.jpg 300w, https:\/\/xn--hrningborgerforening-bcc.dk\/wp-content\/uploads\/2025\/11\/IMG_50751-768x576.jpg 768w, https:\/\/xn--hrningborgerforening-bcc.dk\/wp-content\/uploads\/2025\/11\/IMG_50751-100x75.jpg 100w, https:\/\/xn--hrningborgerforening-bcc.dk\/wp-content\/uploads\/2025\/11\/IMG_50751-1536x1152.jpg 1536w, https:\/\/xn--hrningborgerforening-bcc.dk\/wp-content\/uploads\/2025\/11\/IMG_50751-2048x1536.jpg 2048w\" sizes=\"auto, (max-width: 1024px) 100vw, 1024px\" \/><\/figure>\n<\/div>\n\n\n\n<div class=\"wp-block-column is-layout-flow wp-block-column-is-layout-flow\">\n<figure class=\"wp-block-image size-large\"><img loading=\"lazy\" decoding=\"async\" width=\"768\" height=\"1024\" src=\"https:\/\/xn--hrningborgerforening-bcc.dk\/wp-content\/uploads\/2025\/11\/IMG_50651-1-768x1024.jpg\" alt=\"\" class=\"wp-image-1121\" srcset=\"https:\/\/xn--hrningborgerforening-bcc.dk\/wp-content\/uploads\/2025\/11\/IMG_50651-1-768x1024.jpg 768w, https:\/\/xn--hrningborgerforening-bcc.dk\/wp-content\/uploads\/2025\/11\/IMG_50651-1-225x300.jpg 225w, https:\/\/xn--hrningborgerforening-bcc.dk\/wp-content\/uploads\/2025\/11\/IMG_50651-1-100x133.jpg 100w, https:\/\/xn--hrningborgerforening-bcc.dk\/wp-content\/uploads\/2025\/11\/IMG_50651-1-1152x1536.jpg 1152w, https:\/\/xn--hrningborgerforening-bcc.dk\/wp-content\/uploads\/2025\/11\/IMG_50651-1-1536x2048.jpg 1536w, https:\/\/xn--hrningborgerforening-bcc.dk\/wp-content\/uploads\/2025\/11\/IMG_50651-1-scaled.jpg 1920w\" sizes=\"auto, (max-width: 768px) 100vw, 768px\" \/><\/figure>\n<\/div>\n<\/div>\n\n\n\n<div style=\"height:42px\" aria-hidden=\"true\" class=\"wp-block-spacer\"><\/div>\n\n\n\n<blockquote class=\"wp-block-quote is-layout-flow wp-block-quote-is-layout-flow\">\n<p><strong>Det store juletr\u00e6<\/strong> p\u00e5 butikstorvet blev t\u00e6ndt fredag <strong>den 21. november 2025 kl. 16.45.<\/strong><\/p>\n\n\n\n<p><strong>H\u00f8rning Borgerforening<\/strong> har igen i \u00e5r doneret et flot juletr\u00e6 til torvet i H\u00f8rning. Det fejrer H\u00f8rning Cityforening med den traditionsrige juletr\u00e6st\u00e6nding p\u00e5 pladsen foran Coop365.<\/p>\n<\/blockquote>\n\n\n\n<p><\/p>\n\n\n\n<p><strong>Programmet er som f\u00f8lger:<\/strong><\/p>\n\n\n\n<p>Kl. 16.00 \u2013 18.00: Bogstavjagt p\u00e5 torvet \u2013 hent din konkurrencekupon i Superbrugsen.<\/p>\n\n\n\n<p>Kl. 16.15: Young Brass Band spiller julemusik og Lions Q s\u00e6lger gl\u00f8gg og \u00e6bleskiver.<\/p>\n\n\n\n<p>Kl. 16.45: &nbsp;Vi samles ved juletr\u00e6et og kalder p\u00e5 julemanden, der ankommer med sine venner.<\/p>\n\n\n\n<p>Herefter t\u00e6nder julemanden lysene p\u00e5 tr\u00e6et, og vi laver sanglege og danser rundt om juletr\u00e6et. Vi gl\u00e6der os til at se en masse nissepiger og nissedrenge m. for\u00e6ldre og bedstefor\u00e6ldre.<\/p>\n\n\n\n<p>Lions Q har ogs\u00e5 deres tombola med, s\u00e5 du kan vinde flotte gevinster.&nbsp;Butikkerne har selvf\u00f8lgelig ogs\u00e5 en masse gode juletilbud.<\/p>\n\n\n\n<p>Tak fordi du handler lokalt.<\/p>\n\n\n\n<div style=\"height:19px\" aria-hidden=\"true\" class=\"wp-block-spacer\"><\/div>\n\n\n\n<div class=\"wp-block-media-text is-stacked-on-mobile\"><figure class=\"wp-block-media-text__media\"><img loading=\"lazy\" decoding=\"async\" width=\"1024\" height=\"768\" src=\"https:\/\/xn--hrningborgerforening-bcc.dk\/wp-content\/uploads\/2024\/11\/24julemanden-1024x768.jpg\" alt=\"Julemanden i H\u00f8rning\" class=\"wp-image-929 size-full\" srcset=\"https:\/\/xn--hrningborgerforening-bcc.dk\/wp-content\/uploads\/2024\/11\/24julemanden-1024x768.jpg 1024w, https:\/\/xn--hrningborgerforening-bcc.dk\/wp-content\/uploads\/2024\/11\/24julemanden-300x225.jpg 300w, https:\/\/xn--hrningborgerforening-bcc.dk\/wp-content\/uploads\/2024\/11\/24julemanden-768x576.jpg 768w, https:\/\/xn--hrningborgerforening-bcc.dk\/wp-content\/uploads\/2024\/11\/24julemanden-1536x1152.jpg 1536w, https:\/\/xn--hrningborgerforening-bcc.dk\/wp-content\/uploads\/2024\/11\/24julemanden-2048x1536.jpg 2048w\" sizes=\"auto, (max-width: 1024px) 100vw, 1024px\" \/><\/figure><div class=\"wp-block-media-text__content\">\n<p>Julemanden er naturligvis ogs\u00e5 til stede for bl.a. at kunne hilse p\u00e5 de mange b\u00f8rn. Han medbringer sikkert igen i \u00e5r et par andre popul\u00e6re figurer, som kan ses lige bag ham. De venter p\u00e5 at f\u00e5 et stort kram af b\u00f8rnene.<\/p>\n<\/div><\/div>\n\n\n\n<div style=\"height:19px\" aria-hidden=\"true\" class=\"wp-block-spacer\"><\/div>\n\n\n\n<div class=\"wp-block-media-text is-stacked-on-mobile\"><figure class=\"wp-block-media-text__media\"><img loading=\"lazy\" decoding=\"async\" width=\"1024\" height=\"768\" src=\"https:\/\/xn--hrningborgerforening-bcc.dk\/wp-content\/uploads\/2024\/11\/24juleorkester-1024x768.jpg\" alt=\"H\u00f8rning Nisseorkester\" class=\"wp-image-933 size-full\" srcset=\"https:\/\/xn--hrningborgerforening-bcc.dk\/wp-content\/uploads\/2024\/11\/24juleorkester-1024x768.jpg 1024w, https:\/\/xn--hrningborgerforening-bcc.dk\/wp-content\/uploads\/2024\/11\/24juleorkester-300x225.jpg 300w, https:\/\/xn--hrningborgerforening-bcc.dk\/wp-content\/uploads\/2024\/11\/24juleorkester-768x576.jpg 768w, https:\/\/xn--hrningborgerforening-bcc.dk\/wp-content\/uploads\/2024\/11\/24juleorkester-1536x1152.jpg 1536w, https:\/\/xn--hrningborgerforening-bcc.dk\/wp-content\/uploads\/2024\/11\/24juleorkester-2048x1536.jpg 2048w\" sizes=\"auto, (max-width: 1024px) 100vw, 1024px\" \/><\/figure><div class=\"wp-block-media-text__content\">\n<p>Det store nisseorkester med de sm\u00e5 trompeter spillede glade julesange for den store forsamling, der var m\u00f8dt op.<\/p>\n<\/div><\/div>\n\n\n\n<div style=\"height:20px\" aria-hidden=\"true\" class=\"wp-block-spacer\"><\/div>\n\n\n\n<div class=\"wp-block-media-text is-stacked-on-mobile\"><figure class=\"wp-block-media-text__media\"><img loading=\"lazy\" decoding=\"async\" width=\"768\" height=\"1024\" src=\"https:\/\/xn--hrningborgerforening-bcc.dk\/wp-content\/uploads\/2024\/11\/24juletraeskjul-768x1024.jpg\" alt=\"H\u00f8rning Torvs juletr\u00e6\" class=\"wp-image-934 size-full\" srcset=\"https:\/\/xn--hrningborgerforening-bcc.dk\/wp-content\/uploads\/2024\/11\/24juletraeskjul-768x1024.jpg 768w, https:\/\/xn--hrningborgerforening-bcc.dk\/wp-content\/uploads\/2024\/11\/24juletraeskjul-225x300.jpg 225w, https:\/\/xn--hrningborgerforening-bcc.dk\/wp-content\/uploads\/2024\/11\/24juletraeskjul-1152x1536.jpg 1152w, https:\/\/xn--hrningborgerforening-bcc.dk\/wp-content\/uploads\/2024\/11\/24juletraeskjul-1536x2048.jpg 1536w, https:\/\/xn--hrningborgerforening-bcc.dk\/wp-content\/uploads\/2024\/11\/24juletraeskjul-scaled.jpg 1920w\" sizes=\"auto, (max-width: 768px) 100vw, 768px\" \/><\/figure><div class=\"wp-block-media-text__content\">\n<p>Hvem er mon denne person, der fors\u00f8ger at kravle ind i juletr\u00e6et? Leder han efter gaver, eller er han ved at skrue en p\u00e6re fast, som ikke ville lyse?<\/p>\n<\/div><\/div>\n\n\n\n<div style=\"height:19px\" aria-hidden=\"true\" class=\"wp-block-spacer\"><\/div>\n\n\n\n<div class=\"wp-block-media-text is-stacked-on-mobile\"><figure class=\"wp-block-media-text__media\"><img loading=\"lazy\" decoding=\"async\" width=\"768\" height=\"1024\" src=\"https:\/\/xn--hrningborgerforening-bcc.dk\/wp-content\/uploads\/2024\/11\/24trompetnisser-768x1024.jpg\" alt=\"To s\u00f8de trompetnisser \" class=\"wp-image-939 size-full\" srcset=\"https:\/\/xn--hrningborgerforening-bcc.dk\/wp-content\/uploads\/2024\/11\/24trompetnisser-768x1024.jpg 768w, https:\/\/xn--hrningborgerforening-bcc.dk\/wp-content\/uploads\/2024\/11\/24trompetnisser-225x300.jpg 225w, https:\/\/xn--hrningborgerforening-bcc.dk\/wp-content\/uploads\/2024\/11\/24trompetnisser-1152x1536.jpg 1152w, https:\/\/xn--hrningborgerforening-bcc.dk\/wp-content\/uploads\/2024\/11\/24trompetnisser-1536x2048.jpg 1536w, https:\/\/xn--hrningborgerforening-bcc.dk\/wp-content\/uploads\/2024\/11\/24trompetnisser-scaled.jpg 1920w\" sizes=\"auto, (max-width: 768px) 100vw, 768px\" \/><\/figure><div class=\"wp-block-media-text__content\">\n<p>To s\u00f8de trompetnisser, der bl\u00e6ser os et stykke &#8212; et langt, dejligt julestykke.<\/p>\n<\/div><\/div>\n","protected":false},"excerpt":{"rendered":"<p>S\u00e5dan s\u00e5 det ud, da juletr\u00e6et blev t\u00e6ndt. Det store juletr\u00e6 p\u00e5 butikstorvet blev t\u00e6ndt fredag den 21. november 2025 kl. 16.45. H\u00f8rning Borgerforening har igen i \u00e5r doneret et flot juletr\u00e6 til torvet i H\u00f8rning. Det fejrer H\u00f8rning Cityforening med den traditionsrige juletr\u00e6st\u00e6nding p\u00e5 pladsen foran Coop365. Programmet er som f\u00f8lger: Kl. 16.00 \u2013 [&hellip;]<\/p>\n","protected":false},"author":1,"featured_media":0,"parent":0,"menu_order":0,"comment_status":"closed","ping_status":"closed","template":"","meta":{"_monsterinsights_skip_tracking":false,"_monsterinsights_sitenote_active":false,"_monsterinsights_sitenote_note":"","_monsterinsights_sitenote_category":0,"footnotes":""},"class_list":["post-926","page","type-page","status-publish","hentry"],"aioseo_notices":[],"_links":{"self":[{"href":"https:\/\/xn--hrningborgerforening-bcc.dk\/index.php\/wp-json\/wp\/v2\/pages\/926","targetHints":{"allow":["GET"]}}],"collection":[{"href":"https:\/\/xn--hrningborgerforening-bcc.dk\/index.php\/wp-json\/wp\/v2\/pages"}],"about":[{"href":"https:\/\/xn--hrningborgerforening-bcc.dk\/index.php\/wp-json\/wp\/v2\/types\/page"}],"author":[{"embeddable":true,"href":"https:\/\/xn--hrningborgerforening-bcc.dk\/index.php\/wp-json\/wp\/v2\/users\/1"}],"replies":[{"embeddable":true,"href":"https:\/\/xn--hrningborgerforening-bcc.dk\/index.php\/wp-json\/wp\/v2\/comments?post=926"}],"version-history":[{"count":18,"href":"https:\/\/xn--hrningborgerforening-bcc.dk\/index.php\/wp-json\/wp\/v2\/pages\/926\/revisions"}],"predecessor-version":[{"id":1124,"href":"https:\/\/xn--hrningborgerforening-bcc.dk\/index.php\/wp-json\/wp\/v2\/pages\/926\/revisions\/1124"}],"wp:attachment":[{"href":"https:\/\/xn--hrningborgerforening-bcc.dk\/index.php\/wp-json\/wp\/v2\/media?parent=926"}],"curies":[{"name":"wp","href":"https:\/\/api.w.org\/{rel}","templated":true}]}}