{"id":451,"date":"2024-07-15T16:13:26","date_gmt":"2024-07-15T16:13:26","guid":{"rendered":"http:\/\/xn--hrningborgerforening-bcc.dk\/?page_id=451"},"modified":"2024-12-21T21:53:56","modified_gmt":"2024-12-21T21:53:56","slug":"busser-banegaard","status":"publish","type":"page","link":"https:\/\/xn--hrningborgerforening-bcc.dk\/index.php\/busser-banegaard\/","title":{"rendered":"Busser\/Baneg\u00e5rd"},"content":{"rendered":"\n<figure class=\"wp-block-image size-large is-resized is-style-default\"><a href=\"https:\/\/dsb.dk \"><img loading=\"lazy\" decoding=\"async\" width=\"1024\" height=\"768\" src=\"http:\/\/xn--hrningborgerforening-bcc.dk\/wp-content\/uploads\/2024\/07\/Banegaarden-1024x768.webp\" alt=\"Tog til og fra H\u00f8rning\" class=\"wp-image-454\" style=\"width:667px;height:auto\" srcset=\"https:\/\/xn--hrningborgerforening-bcc.dk\/wp-content\/uploads\/2024\/07\/Banegaarden-1024x768.webp 1024w, https:\/\/xn--hrningborgerforening-bcc.dk\/wp-content\/uploads\/2024\/07\/Banegaarden-300x225.webp 300w, https:\/\/xn--hrningborgerforening-bcc.dk\/wp-content\/uploads\/2024\/07\/Banegaarden-768x576.webp 768w, https:\/\/xn--hrningborgerforening-bcc.dk\/wp-content\/uploads\/2024\/07\/Banegaarden-1536x1152.webp 1536w, https:\/\/xn--hrningborgerforening-bcc.dk\/wp-content\/uploads\/2024\/07\/Banegaarden-2048x1536.webp 2048w\" sizes=\"auto, (max-width: 1024px) 100vw, 1024px\" \/><\/a><\/figure>\n\n\n\n<div style=\"height:19px\" aria-hidden=\"true\" class=\"wp-block-spacer\"><\/div>\n\n\n\n<p><strong>Klik p\u00e5 billederne<\/strong> &#8211; s\u00e5 f\u00e5r du k\u00f8replanerne til og fra H\u00f8rning.<\/p>\n\n\n\n<div style=\"height:20px\" aria-hidden=\"true\" class=\"wp-block-spacer\"><\/div>\n\n\n\n<figure class=\"wp-block-image size-full\"><a href=\"https:\/\/www.midttrafik.dk\/media\/33388\/200_k24_normal-ua.pdf\"><img loading=\"lazy\" decoding=\"async\" width=\"668\" height=\"233\" src=\"http:\/\/xn--hrningborgerforening-bcc.dk\/wp-content\/uploads\/2024\/07\/blaa-busser.jpg\" alt=\"\" class=\"wp-image-457\" srcset=\"https:\/\/xn--hrningborgerforening-bcc.dk\/wp-content\/uploads\/2024\/07\/blaa-busser.jpg 668w, https:\/\/xn--hrningborgerforening-bcc.dk\/wp-content\/uploads\/2024\/07\/blaa-busser-300x105.jpg 300w\" sizes=\"auto, (max-width: 668px) 100vw, 668px\" \/><\/a><\/figure>\n\n\n\n<p><\/p>\n","protected":false},"excerpt":{"rendered":"<p>Klik p\u00e5 billederne &#8211; s\u00e5 f\u00e5r du k\u00f8replanerne til og fra H\u00f8rning.<\/p>\n","protected":false},"author":1,"featured_media":0,"parent":0,"menu_order":0,"comment_status":"closed","ping_status":"closed","template":"","meta":{"_monsterinsights_skip_tracking":false,"_monsterinsights_sitenote_active":false,"_monsterinsights_sitenote_note":"","_monsterinsights_sitenote_category":0,"footnotes":""},"class_list":["post-451","page","type-page","status-publish","hentry"],"aioseo_notices":[],"_links":{"self":[{"href":"https:\/\/xn--hrningborgerforening-bcc.dk\/index.php\/wp-json\/wp\/v2\/pages\/451","targetHints":{"allow":["GET"]}}],"collection":[{"href":"https:\/\/xn--hrningborgerforening-bcc.dk\/index.php\/wp-json\/wp\/v2\/pages"}],"about":[{"href":"https:\/\/xn--hrningborgerforening-bcc.dk\/index.php\/wp-json\/wp\/v2\/types\/page"}],"author":[{"embeddable":true,"href":"https:\/\/xn--hrningborgerforening-bcc.dk\/index.php\/wp-json\/wp\/v2\/users\/1"}],"replies":[{"embeddable":true,"href":"https:\/\/xn--hrningborgerforening-bcc.dk\/index.php\/wp-json\/wp\/v2\/comments?post=451"}],"version-history":[{"count":12,"href":"https:\/\/xn--hrningborgerforening-bcc.dk\/index.php\/wp-json\/wp\/v2\/pages\/451\/revisions"}],"predecessor-version":[{"id":959,"href":"https:\/\/xn--hrningborgerforening-bcc.dk\/index.php\/wp-json\/wp\/v2\/pages\/451\/revisions\/959"}],"wp:attachment":[{"href":"https:\/\/xn--hrningborgerforening-bcc.dk\/index.php\/wp-json\/wp\/v2\/media?parent=451"}],"curies":[{"name":"wp","href":"https:\/\/api.w.org\/{rel}","templated":true}]}}