{"id":415,"date":"2024-07-14T08:49:37","date_gmt":"2024-07-14T08:49:37","guid":{"rendered":"http:\/\/xn--hrningborgerforening-bcc.dk\/?page_id=415"},"modified":"2024-07-22T14:06:56","modified_gmt":"2024-07-22T14:06:56","slug":"runestenen-2","status":"publish","type":"page","link":"https:\/\/xn--hrningborgerforening-bcc.dk\/index.php\/runestenen-2\/","title":{"rendered":"Runestenen"},"content":{"rendered":"\n<figure class=\"wp-block-image size-large\"><img loading=\"lazy\" decoding=\"async\" width=\"1024\" height=\"768\" src=\"http:\/\/xn--hrningborgerforening-bcc.dk\/wp-content\/uploads\/2024\/07\/Runestenen-1024x768.jpg\" alt=\"Runestenen\" class=\"wp-image-374\" srcset=\"https:\/\/xn--hrningborgerforening-bcc.dk\/wp-content\/uploads\/2024\/07\/Runestenen-1024x768.jpg 1024w, https:\/\/xn--hrningborgerforening-bcc.dk\/wp-content\/uploads\/2024\/07\/Runestenen-300x225.jpg 300w, https:\/\/xn--hrningborgerforening-bcc.dk\/wp-content\/uploads\/2024\/07\/Runestenen-768x576.jpg 768w, https:\/\/xn--hrningborgerforening-bcc.dk\/wp-content\/uploads\/2024\/07\/Runestenen-1536x1152.jpg 1536w, https:\/\/xn--hrningborgerforening-bcc.dk\/wp-content\/uploads\/2024\/07\/Runestenen.jpg 2016w\" sizes=\"auto, (max-width: 1024px) 100vw, 1024px\" \/><\/figure>\n\n\n\n<p><strong>H\u00f8rningstenen\/Runestenen<\/strong><\/p>\n\n\n\n<p>En runesten, kendt under navnet &#8220;H\u00f8rningstenen&#8221;, blev i 1849 fundet p\u00e5 en udflyttermark i n\u00e6rheden af Beringbro. Den stod i H\u00f8rning Kirke til 1873, men blev s\u00e5 overflyttet til Aarhus Museum. Den findes nu p\u00e5 Moesg\u00e5rd Museum i runestenssalen.<\/p>\n\n\n\n<p>Stenen, der menes at stamme fra f\u00f8rste fjerdedel af det 11. \u00e5rhundrede, b\u00e6rer f\u00f8lgende inskription:<\/p>\n\n\n\n<p><em>&#8220;Toke Smed rejste sten efter Torgils Gudmundss\u00f8n, som gav ham kuld og frelse.&#8221;<\/em><\/p>\n\n\n\n<p>At give <em>&#8220;kuld og frelse&#8221;<\/em> vil sige, at optage ham i sl\u00e6gten og g\u00f8re ham til en fri mand.<\/p>\n","protected":false},"excerpt":{"rendered":"<p>H\u00f8rningstenen\/Runestenen En runesten, kendt under navnet &#8220;H\u00f8rningstenen&#8221;, blev i 1849 fundet p\u00e5 en udflyttermark i n\u00e6rheden af Beringbro. Den stod i H\u00f8rning Kirke til 1873, men blev s\u00e5 overflyttet til Aarhus Museum. Den findes nu p\u00e5 Moesg\u00e5rd Museum i runestenssalen. Stenen, der menes at stamme fra f\u00f8rste fjerdedel af det 11. \u00e5rhundrede, b\u00e6rer f\u00f8lgende inskription: [&hellip;]<\/p>\n","protected":false},"author":1,"featured_media":0,"parent":0,"menu_order":0,"comment_status":"closed","ping_status":"closed","template":"","meta":{"_monsterinsights_skip_tracking":false,"_monsterinsights_sitenote_active":false,"_monsterinsights_sitenote_note":"","_monsterinsights_sitenote_category":0,"footnotes":""},"class_list":["post-415","page","type-page","status-publish","hentry"],"aioseo_notices":[],"_links":{"self":[{"href":"https:\/\/xn--hrningborgerforening-bcc.dk\/index.php\/wp-json\/wp\/v2\/pages\/415","targetHints":{"allow":["GET"]}}],"collection":[{"href":"https:\/\/xn--hrningborgerforening-bcc.dk\/index.php\/wp-json\/wp\/v2\/pages"}],"about":[{"href":"https:\/\/xn--hrningborgerforening-bcc.dk\/index.php\/wp-json\/wp\/v2\/types\/page"}],"author":[{"embeddable":true,"href":"https:\/\/xn--hrningborgerforening-bcc.dk\/index.php\/wp-json\/wp\/v2\/users\/1"}],"replies":[{"embeddable":true,"href":"https:\/\/xn--hrningborgerforening-bcc.dk\/index.php\/wp-json\/wp\/v2\/comments?post=415"}],"version-history":[{"count":3,"href":"https:\/\/xn--hrningborgerforening-bcc.dk\/index.php\/wp-json\/wp\/v2\/pages\/415\/revisions"}],"predecessor-version":[{"id":515,"href":"https:\/\/xn--hrningborgerforening-bcc.dk\/index.php\/wp-json\/wp\/v2\/pages\/415\/revisions\/515"}],"wp:attachment":[{"href":"https:\/\/xn--hrningborgerforening-bcc.dk\/index.php\/wp-json\/wp\/v2\/media?parent=415"}],"curies":[{"name":"wp","href":"https:\/\/api.w.org\/{rel}","templated":true}]}}