{"id":407,"date":"2024-07-14T08:45:03","date_gmt":"2024-07-14T08:45:03","guid":{"rendered":"http:\/\/xn--hrningborgerforening-bcc.dk\/?page_id=407"},"modified":"2026-04-09T09:41:25","modified_gmt":"2026-04-09T09:41:25","slug":"sidste-nyt","status":"publish","type":"page","link":"https:\/\/xn--hrningborgerforening-bcc.dk\/index.php\/sidste-nyt\/","title":{"rendered":"Sidste NYT"},"content":{"rendered":"<div class=\"wp-block-image\">\n<figure class=\"aligncenter size-full is-resized\"><img loading=\"lazy\" decoding=\"async\" width=\"228\" height=\"178\" src=\"https:\/\/xn--hrningborgerforening-bcc.dk\/wp-content\/uploads\/2026\/04\/dirigenthammer.gif\" alt=\"\" class=\"wp-image-1158\" style=\"width:138px;height:auto\"\/><\/figure>\n<\/div>\n\n\n<h5 class=\"wp-block-heading\">H\u00f8rning Borgerforening indkalder til Generalforsamling den 23. april 2026 kl. 19.00 p\u00e5 R\u00e5dhusloftet.<\/h5>\n\n\n\n<div style=\"height:40px\" aria-hidden=\"true\" class=\"wp-block-spacer\"><\/div>\n\n\n\n<hr class=\"wp-block-separator has-alpha-channel-opacity\"\/>\n\n\n\n<h2 class=\"wp-block-heading\">Aktiviteter<\/h2>\n\n\n\n<p>I forbindelse med Banko spillet blev det meddelt, at H\u00f8rning Borgerforening i det forl\u00f8bne \u00e5r havde v\u00e6ret aktiv s\u00e5ledes:<\/p>\n\n\n\n<ul class=\"wp-block-list\">\n<li>laver en medlemsskrivelse, der bliver sendt ud sammen med kontingent opkr\u00e6vning.&nbsp;&nbsp;&nbsp;&nbsp;&nbsp;&nbsp;&nbsp;&nbsp;&nbsp;&nbsp;&nbsp;&nbsp;&nbsp;&nbsp;&nbsp;&nbsp;&nbsp;&nbsp;&nbsp;&nbsp;&nbsp;&nbsp;&nbsp;<\/li>\n\n\n\n<li>har en bovling-aften for medlemmer, med efterf\u00f8lgende spisning&nbsp;&nbsp;&nbsp;&nbsp;&nbsp;&nbsp;&nbsp;&nbsp;&nbsp;&nbsp;&nbsp;&nbsp;&nbsp;&nbsp;&nbsp;&nbsp;&nbsp;&nbsp;&nbsp;&nbsp;&nbsp;&nbsp;&nbsp;&nbsp;&nbsp;&nbsp;&nbsp;&nbsp;&nbsp;&nbsp;&nbsp;&nbsp;&nbsp;&nbsp;&nbsp;<\/li>\n\n\n\n<li>holder bankospil p\u00e5 R\u00e5dhusloftet&nbsp;<\/li>\n\n\n\n<li>rejser flagalleen 48 stk alle konfirmationsdage, Kongens f\u00f8dselsdag, Valdemarsdag&nbsp;&nbsp;&nbsp;&nbsp;&nbsp;&nbsp;&nbsp;&nbsp;&nbsp;&nbsp;&nbsp;&nbsp;&nbsp;&nbsp;&nbsp;&nbsp;&nbsp;&nbsp;&nbsp;&nbsp;&nbsp;&nbsp;&nbsp;&nbsp;&nbsp;&nbsp;&nbsp;&nbsp;&nbsp;&nbsp;&nbsp;&nbsp;&nbsp;&nbsp;&nbsp;&nbsp;&nbsp;&nbsp;&nbsp;&nbsp;&nbsp;&nbsp;&nbsp;&nbsp;&nbsp;&nbsp;&nbsp;&nbsp;&nbsp;&nbsp;&nbsp;&nbsp;&nbsp;&nbsp;&nbsp;&nbsp;&nbsp;&nbsp;&nbsp;&nbsp;&nbsp;&nbsp;&nbsp;&nbsp;&nbsp;&nbsp;&nbsp;&nbsp;&nbsp;&nbsp;&nbsp;&nbsp;&nbsp;&nbsp;&nbsp;&nbsp;&nbsp;&nbsp;&nbsp;&nbsp;&nbsp;&nbsp;&nbsp;&nbsp;&nbsp;&nbsp;&nbsp;&nbsp;&nbsp;&nbsp;&nbsp;&nbsp;&nbsp;&nbsp;&nbsp;&nbsp;&nbsp;&nbsp;&nbsp;&nbsp;&nbsp;&nbsp;&nbsp;&nbsp;&nbsp;&nbsp;&nbsp;&nbsp;&nbsp;&nbsp;&nbsp;&nbsp;<\/li>\n\n\n\n<li>rejser juletr\u00e6 p\u00e5 torvet og p\u00e5 kirkeg\u00e5rden<\/li>\n\n\n\n<li>medarrang\u00f8r af \u00e6ldrefesten i Borgernes Hus i H\u00e5rby og Pr\u00e6stehaven i H\u00f8rning&nbsp;&nbsp;&nbsp;&nbsp;<\/li>\n\n\n\n<li>har en plads i Harry Nielsen Fond<\/li>\n\n\n\n<li>Lige nu er vi 105 medlemmer i H\u00f8rning Borgerforening&nbsp;&nbsp;&nbsp;<\/li>\n\n\n\n<li>udgiver Jul i H\u00f8rning og H\u00f8rning kalenderen&nbsp;i samarbejde med Niels Bach og Ole Nissen&nbsp;&nbsp;&nbsp;&nbsp;&nbsp;&nbsp;&nbsp;&nbsp;&nbsp;&nbsp;&nbsp;&nbsp;&nbsp;&nbsp;&nbsp;&nbsp;&nbsp;&nbsp;&nbsp;&nbsp;&nbsp;&nbsp;&nbsp;&nbsp;&nbsp;&nbsp;&nbsp;&nbsp;&nbsp;&nbsp;&nbsp;&nbsp;&nbsp;&nbsp;&nbsp;&nbsp;&nbsp;&nbsp;&nbsp;&nbsp;&nbsp;&nbsp;&nbsp;&nbsp;&nbsp;&nbsp;&nbsp;&nbsp;&nbsp;&nbsp;&nbsp;&nbsp;&nbsp;&nbsp;&nbsp;&nbsp;&nbsp;&nbsp;&nbsp;&nbsp;&nbsp;&nbsp;&nbsp;&nbsp;&nbsp;&nbsp;&nbsp;&nbsp;&nbsp;&nbsp;&nbsp;&nbsp;&nbsp;&nbsp;&nbsp;&nbsp;&nbsp;&nbsp;&nbsp;&nbsp;&nbsp;&nbsp;&nbsp;&nbsp;&nbsp;&nbsp;&nbsp;&nbsp;&nbsp;&nbsp;&nbsp;&nbsp;&nbsp;&nbsp;&nbsp;&nbsp;&nbsp;&nbsp;&nbsp;&nbsp;&nbsp;&nbsp;&nbsp;&nbsp;&nbsp;&nbsp;&nbsp;&nbsp;&nbsp;&nbsp;&nbsp;&nbsp;&nbsp;&nbsp;&nbsp;<\/li>\n<\/ul>\n\n\n\n<hr class=\"wp-block-separator has-alpha-channel-opacity\"\/>\n\n\n\n<p><strong>JUL I H\u00d8RNING<\/strong> udkommer i \u00e5r i uge 49, og <strong>den triste nyhed er, at <em>det er sidste gang <\/em>den udkommer !!!<\/strong><\/p>\n\n\n\n<div style=\"height:21px\" aria-hidden=\"true\" class=\"wp-block-spacer\"><\/div>\n\n\n\n<hr class=\"wp-block-separator has-alpha-channel-opacity\"\/>\n\n\n\n<p><em><strong>Det er vi meget kede af, men &#8220;de seje jyske heste&#8221;, som har trukket l\u00e6sset i mange \u00e5r, er blevet \u00e6ldre og lidt tr\u00e6tte.<\/strong><\/em><\/p>\n\n\n\n<p><\/p>\n\n\n\n<div style=\"height:40px\" aria-hidden=\"true\" class=\"wp-block-spacer\"><\/div>\n\n\n\n<hr class=\"wp-block-separator has-alpha-channel-opacity\"\/>\n\n\n\n<p>S\u00e5 har vi lige <strong>et lille n\u00f8dr\u00e5b: <\/strong>&nbsp;&nbsp;&nbsp;&nbsp;&nbsp;&nbsp;&nbsp;&nbsp;&nbsp;&nbsp;&nbsp;&nbsp;&nbsp;&nbsp;&nbsp;&nbsp;&nbsp;&nbsp;&nbsp;&nbsp;&nbsp;&nbsp;&nbsp;&nbsp;&nbsp;&nbsp;&nbsp;&nbsp;&nbsp;&nbsp;&nbsp;&nbsp;&nbsp;&nbsp;&nbsp;&nbsp;&nbsp;&nbsp;&nbsp;&nbsp;&nbsp;&nbsp;&nbsp;&nbsp;&nbsp;&nbsp;&nbsp;&nbsp;&nbsp;&nbsp;&nbsp;&nbsp;&nbsp;&nbsp;&nbsp;&nbsp;&nbsp;&nbsp;&nbsp;&nbsp;&nbsp;&nbsp;&nbsp;&nbsp;&nbsp;&nbsp;&nbsp;&nbsp;&nbsp;&nbsp;&nbsp;&nbsp;&nbsp;&nbsp;&nbsp;&nbsp;&nbsp;&nbsp;&nbsp;&nbsp;&nbsp;&nbsp;&nbsp;&nbsp;&nbsp;&nbsp;&nbsp;&nbsp;&nbsp;&nbsp;&nbsp;&nbsp;&nbsp;&nbsp;&nbsp;&nbsp;&nbsp;&nbsp;&nbsp;&nbsp;&nbsp;&nbsp;&nbsp;&nbsp;&nbsp;&nbsp;&nbsp;&nbsp;&nbsp;&nbsp;&nbsp;&nbsp;&nbsp;&nbsp;&nbsp;&nbsp;&nbsp;&nbsp;&nbsp;&nbsp;&nbsp;&nbsp;&nbsp;&nbsp;&nbsp;&nbsp;&nbsp;&nbsp;&nbsp;&nbsp;&nbsp;&nbsp;&nbsp;&nbsp;&nbsp;&nbsp;&nbsp;&nbsp;&nbsp;&nbsp;&nbsp;&nbsp;&nbsp;&nbsp;&nbsp;&nbsp;<\/p>\n\n\n\n<p>De fleste af os i bestyrelsen er i den sidste halvdel af 70 erne, s\u00e5 <strong><strong>vi mangler yngre kr\u00e6fter<\/strong><\/strong>, for at H\u00f8rning Borgerforening kan forts\u00e6tte deres aktiviteter.&nbsp;&nbsp;&nbsp;&nbsp;&nbsp;&nbsp;&nbsp;&nbsp;&nbsp;&nbsp;&nbsp;&nbsp;&nbsp;&nbsp;&nbsp;&nbsp;&nbsp;&nbsp;&nbsp;&nbsp;<\/p>\n\n\n\n<p><\/p>\n","protected":false},"excerpt":{"rendered":"<p>H\u00f8rning Borgerforening indkalder til Generalforsamling den 23. april 2026 kl. 19.00 p\u00e5 R\u00e5dhusloftet. Aktiviteter I forbindelse med Banko spillet blev det meddelt, at H\u00f8rning Borgerforening i det forl\u00f8bne \u00e5r havde v\u00e6ret aktiv s\u00e5ledes: JUL I H\u00d8RNING udkommer i \u00e5r i uge 49, og den triste nyhed er, at det er sidste gang den udkommer !!! [&hellip;]<\/p>\n","protected":false},"author":1,"featured_media":0,"parent":0,"menu_order":0,"comment_status":"closed","ping_status":"closed","template":"","meta":{"_monsterinsights_skip_tracking":false,"_monsterinsights_sitenote_active":false,"_monsterinsights_sitenote_note":"","_monsterinsights_sitenote_category":0,"footnotes":""},"class_list":["post-407","page","type-page","status-publish","hentry"],"aioseo_notices":[],"_links":{"self":[{"href":"https:\/\/xn--hrningborgerforening-bcc.dk\/index.php\/wp-json\/wp\/v2\/pages\/407","targetHints":{"allow":["GET"]}}],"collection":[{"href":"https:\/\/xn--hrningborgerforening-bcc.dk\/index.php\/wp-json\/wp\/v2\/pages"}],"about":[{"href":"https:\/\/xn--hrningborgerforening-bcc.dk\/index.php\/wp-json\/wp\/v2\/types\/page"}],"author":[{"embeddable":true,"href":"https:\/\/xn--hrningborgerforening-bcc.dk\/index.php\/wp-json\/wp\/v2\/users\/1"}],"replies":[{"embeddable":true,"href":"https:\/\/xn--hrningborgerforening-bcc.dk\/index.php\/wp-json\/wp\/v2\/comments?post=407"}],"version-history":[{"count":31,"href":"https:\/\/xn--hrningborgerforening-bcc.dk\/index.php\/wp-json\/wp\/v2\/pages\/407\/revisions"}],"predecessor-version":[{"id":1218,"href":"https:\/\/xn--hrningborgerforening-bcc.dk\/index.php\/wp-json\/wp\/v2\/pages\/407\/revisions\/1218"}],"wp:attachment":[{"href":"https:\/\/xn--hrningborgerforening-bcc.dk\/index.php\/wp-json\/wp\/v2\/media?parent=407"}],"curies":[{"name":"wp","href":"https:\/\/api.w.org\/{rel}","templated":true}]}}