{"id":19,"date":"2024-05-29T10:50:28","date_gmt":"2024-05-29T10:50:28","guid":{"rendered":"http:\/\/xn--hrningborgerforening-bcc.dk\/?page_id=19"},"modified":"2025-11-17T08:41:40","modified_gmt":"2025-11-17T08:41:40","slug":"bestyrelsen","status":"publish","type":"page","link":"https:\/\/xn--hrningborgerforening-bcc.dk\/index.php\/bestyrelsen\/","title":{"rendered":"BESTYRELSEN"},"content":{"rendered":"\n<div style=\"height:100px\" aria-hidden=\"true\" class=\"wp-block-spacer\"><\/div>\n\n\n\n<h2 class=\"wp-block-heading\">Bestyrelsen  <\/h2>\n\n\n\n<div style=\"height:50px\" aria-hidden=\"true\" class=\"wp-block-spacer\"><\/div>\n\n\n\n<div class=\"wp-block-media-text is-stacked-on-mobile\" style=\"grid-template-columns:17% auto\"><figure class=\"wp-block-media-text__media\"><img loading=\"lazy\" decoding=\"async\" width=\"591\" height=\"875\" src=\"http:\/\/xn--hrningborgerforening-bcc.dk\/wp-content\/uploads\/2024\/08\/Flemming-Pedersen.jpg\" alt=\"Flemming Pedersen\" class=\"wp-image-585 size-full\" srcset=\"https:\/\/xn--hrningborgerforening-bcc.dk\/wp-content\/uploads\/2024\/08\/Flemming-Pedersen.jpg 591w, https:\/\/xn--hrningborgerforening-bcc.dk\/wp-content\/uploads\/2024\/08\/Flemming-Pedersen-203x300.jpg 203w\" sizes=\"auto, (max-width: 591px) 100vw, 591px\" \/><\/figure><div class=\"wp-block-media-text__content\">\n<p>Formand<\/p>\n\n\n\n<p>Flemming Pedersen<\/p>\n\n\n\n<p>M\u00f8llev\u00e6nget 23 1<\/p>\n\n\n\n<p>8362 H\u00f8rning<\/p>\n\n\n\n<p>Telf. 21 47 79 45 &#8212; E-mail:&nbsp;<a href=\"mailto:bi-avler@mail.tele.dk\" target=\"_blank\" rel=\"noreferrer noopener\">bi-avler@mail.tele.dk<\/a><\/p>\n<\/div><\/div>\n\n\n\n<div style=\"height:21px\" aria-hidden=\"true\" class=\"wp-block-spacer\"><\/div>\n\n\n\n<div class=\"wp-block-media-text is-stacked-on-mobile\" style=\"grid-template-columns:17% auto\"><figure class=\"wp-block-media-text__media\"><img loading=\"lazy\" decoding=\"async\" width=\"591\" height=\"883\" src=\"http:\/\/xn--hrningborgerforening-bcc.dk\/wp-content\/uploads\/2024\/08\/Gert-Johansen.jpg\" alt=\"Gert Johansen\" class=\"wp-image-588 size-full\" srcset=\"https:\/\/xn--hrningborgerforening-bcc.dk\/wp-content\/uploads\/2024\/08\/Gert-Johansen.jpg 591w, https:\/\/xn--hrningborgerforening-bcc.dk\/wp-content\/uploads\/2024\/08\/Gert-Johansen-201x300.jpg 201w\" sizes=\"auto, (max-width: 591px) 100vw, 591px\" \/><\/figure><div class=\"wp-block-media-text__content\">\n<p>Kasserer<\/p>\n\n\n\n<p>Gert Uhrskov Johansen<\/p>\n\n\n\n<p>S\u00f8nder Alle 23<\/p>\n\n\n\n<p>8362 H\u00f8rning<\/p>\n\n\n\n<p>Telf. 26 81 24 43 &#8212; E-mail:&nbsp;<a href=\"mailto:gertjohansen@hostmail.dk\" target=\"_blank\" rel=\"noreferrer noopener\">gertjohansen@hostmail.dk<\/a>&nbsp;&nbsp;&nbsp;&nbsp;&nbsp;&nbsp;<\/p>\n<\/div><\/div>\n\n\n\n<div style=\"height:20px\" aria-hidden=\"true\" class=\"wp-block-spacer\"><\/div>\n\n\n\n<div class=\"wp-block-media-text is-stacked-on-mobile\" style=\"grid-template-columns:17% auto\"><figure class=\"wp-block-media-text__media\"><img loading=\"lazy\" decoding=\"async\" width=\"706\" height=\"851\" src=\"http:\/\/xn--hrningborgerforening-bcc.dk\/wp-content\/uploads\/2025\/11\/Carl-Blixbull.jpg\" alt=\"\" class=\"wp-image-1099 size-full\" srcset=\"https:\/\/xn--hrningborgerforening-bcc.dk\/wp-content\/uploads\/2025\/11\/Carl-Blixbull.jpg 706w, https:\/\/xn--hrningborgerforening-bcc.dk\/wp-content\/uploads\/2025\/11\/Carl-Blixbull-249x300.jpg 249w, https:\/\/xn--hrningborgerforening-bcc.dk\/wp-content\/uploads\/2025\/11\/Carl-Blixbull-100x121.jpg 100w\" sizes=\"auto, (max-width: 706px) 100vw, 706px\" \/><\/figure><div class=\"wp-block-media-text__content\">\n<p>N\u00e6stformand<\/p>\n\n\n\n<p>Carl Klixb\u00fcll<\/p>\n\n\n\n<p>Falkevej 5<\/p>\n\n\n\n<p>8362 H\u00f8rning<\/p>\n\n\n\n<p>Telf. 31693565 &#8212; E-mail:&nbsp;<a href=\"mailto:carloklix@gmail.com\">carloklix@gmail.com<\/a><\/p>\n<\/div><\/div>\n\n\n\n<div style=\"height:21px\" aria-hidden=\"true\" class=\"wp-block-spacer\"><\/div>\n\n\n\n<div class=\"wp-block-media-text is-stacked-on-mobile\" style=\"grid-template-columns:17% auto\"><figure class=\"wp-block-media-text__media\"><img loading=\"lazy\" decoding=\"async\" width=\"591\" height=\"833\" src=\"http:\/\/xn--hrningborgerforening-bcc.dk\/wp-content\/uploads\/2024\/08\/Thomas-Larsen.jpg\" alt=\"Thomas Larsen\" class=\"wp-image-637 size-full\" srcset=\"https:\/\/xn--hrningborgerforening-bcc.dk\/wp-content\/uploads\/2024\/08\/Thomas-Larsen.jpg 591w, https:\/\/xn--hrningborgerforening-bcc.dk\/wp-content\/uploads\/2024\/08\/Thomas-Larsen-213x300.jpg 213w\" sizes=\"auto, (max-width: 591px) 100vw, 591px\" \/><\/figure><div class=\"wp-block-media-text__content\">\n<p>Sekret\u00e6r<\/p>\n\n\n\n<p>Thomas Larsen<\/p>\n\n\n\n<p>B\u00f8gev\u00e6nget 16<\/p>\n\n\n\n<p>8362 H\u00f8rning<\/p>\n\n\n\n<p>Telf. 93 91 30 17 &#8212; E-mail:\u00a0<a href=\"mailto:thomasd.waldgren@hotmail.com\" target=\"_blank\" rel=\"noreferrer noopener\"><a href=\"mailto:thomas.waldgren@hotmail.com\" target=\"_blank\" rel=\"noreferrer noopener\">thomas.waldgren@hotmail.com<\/a><\/a> <\/p>\n<\/div><\/div>\n\n\n\n<div style=\"height:21px\" aria-hidden=\"true\" class=\"wp-block-spacer\"><\/div>\n\n\n\n<div class=\"wp-block-media-text is-stacked-on-mobile\" style=\"grid-template-columns:17% auto\"><figure class=\"wp-block-media-text__media\"><img loading=\"lazy\" decoding=\"async\" width=\"591\" height=\"807\" src=\"http:\/\/xn--hrningborgerforening-bcc.dk\/wp-content\/uploads\/2024\/08\/Knud-Erik-Johansen.jpg\" alt=\"Knud Erik Johansen\" class=\"wp-image-627 size-full\" srcset=\"https:\/\/xn--hrningborgerforening-bcc.dk\/wp-content\/uploads\/2024\/08\/Knud-Erik-Johansen.jpg 591w, https:\/\/xn--hrningborgerforening-bcc.dk\/wp-content\/uploads\/2024\/08\/Knud-Erik-Johansen-220x300.jpg 220w\" sizes=\"auto, (max-width: 591px) 100vw, 591px\" \/><\/figure><div class=\"wp-block-media-text__content\">\n<p>Materielforvalter<\/p>\n\n\n\n<p>Knud Erik Johansen<\/p>\n\n\n\n<p>M\u00f8lle\u00e6nget 25 1<\/p>\n\n\n\n<p>8362 H\u00f8rning<\/p>\n\n\n\n<p>Telf. 26 12 26 37 &#8212; E-mail:&nbsp;<a href=\"mailto:knuderik8362@gmail.com\" target=\"_blank\" rel=\"noreferrer noopener\">knuderik8362@gmail.com<\/a><\/p>\n<\/div><\/div>\n\n\n\n<div style=\"height:20px\" aria-hidden=\"true\" class=\"wp-block-spacer\"><\/div>\n\n\n\n<div class=\"wp-block-media-text is-stacked-on-mobile\" style=\"grid-template-columns:17% auto\"><figure class=\"wp-block-media-text__media\"><img loading=\"lazy\" decoding=\"async\" width=\"892\" height=\"1024\" src=\"http:\/\/xn--hrningborgerforening-bcc.dk\/wp-content\/uploads\/2025\/11\/Henning-892x1024.jpg\" alt=\"\" class=\"wp-image-1094 size-full\" srcset=\"https:\/\/xn--hrningborgerforening-bcc.dk\/wp-content\/uploads\/2025\/11\/Henning-892x1024.jpg 892w, https:\/\/xn--hrningborgerforening-bcc.dk\/wp-content\/uploads\/2025\/11\/Henning-261x300.jpg 261w, https:\/\/xn--hrningborgerforening-bcc.dk\/wp-content\/uploads\/2025\/11\/Henning-768x881.jpg 768w, https:\/\/xn--hrningborgerforening-bcc.dk\/wp-content\/uploads\/2025\/11\/Henning-100x115.jpg 100w, https:\/\/xn--hrningborgerforening-bcc.dk\/wp-content\/uploads\/2025\/11\/Henning-1338x1536.jpg 1338w, https:\/\/xn--hrningborgerforening-bcc.dk\/wp-content\/uploads\/2025\/11\/Henning.jpg 1585w\" sizes=\"auto, (max-width: 892px) 100vw, 892px\" \/><\/figure><div class=\"wp-block-media-text__content\">\n<p>Suppleant<\/p>\n\n\n\n<p>Henning Rasmussen<\/p>\n\n\n\n<p>M\u00f8llev\u00e6nget 15, 1<\/p>\n\n\n\n<p>8362 H\u00f8rning<\/p>\n\n\n\n<p>Telf. 20 16 19 56 &#8212; E-mail:&nbsp;<a href=\"mailto:ragnhildjacob@gmail.com\" target=\"_blank\" rel=\"noreferrer noopener\">&nbsp;<\/a><a href=\"mailto:hrar@mail.dk\" target=\"_blank\" rel=\"noreferrer noopener\">hrar@mail.dk<\/a> <\/p>\n<\/div><\/div>\n\n\n\n<div style=\"height:40px\" aria-hidden=\"true\" class=\"wp-block-spacer\"><\/div>\n\n\n\n<div class=\"wp-block-media-text has-media-on-the-right is-stacked-on-mobile\" style=\"grid-template-columns:auto 18%\"><div class=\"wp-block-media-text__content\">\n<p><\/p>\n<\/div><figure class=\"wp-block-media-text__media\"><img loading=\"lazy\" decoding=\"async\" width=\"273\" height=\"380\" src=\"http:\/\/xn--hrningborgerforening-bcc.dk\/wp-content\/uploads\/2025\/11\/2016-2017.jpg\" alt=\"\" class=\"wp-image-1079 size-full\" srcset=\"https:\/\/xn--hrningborgerforening-bcc.dk\/wp-content\/uploads\/2025\/11\/2016-2017.jpg 273w, https:\/\/xn--hrningborgerforening-bcc.dk\/wp-content\/uploads\/2025\/11\/2016-2017-216x300.jpg 216w, https:\/\/xn--hrningborgerforening-bcc.dk\/wp-content\/uploads\/2025\/11\/2016-2017-100x139.jpg 100w\" sizes=\"auto, (max-width: 273px) 100vw, 273px\" \/><\/figure><\/div>\n\n\n\n<div class=\"wp-block-media-text is-stacked-on-mobile is-vertically-aligned-top\" style=\"grid-template-columns:44% auto\"><figure class=\"wp-block-media-text__media\"><\/figure><div class=\"wp-block-media-text__content\">\n<p>Webmaster<\/p>\n\n\n\n<p>Kjeld Lyngs\u00f8<\/p>\n\n\n\n<p>Rosenv\u00e6nget 123 &#8211; 8362 H\u00f8rning<\/p>\n\n\n\n<p>Tlf. 50995350 &#8212; E-mail: kjeldlyngs@gmail.com<\/p>\n\n\n\n<p>Dette link er kun for webmasteren:<\/p>\n\n\n<div class=\"logged-out wp-block-loginout\"><a href=\"https:\/\/xn--hrningborgerforening-bcc.dk\/wp-login.php?redirect_to=https%3A%2F%2Fxn--hrningborgerforening-bcc.dk%2Findex.php%2Fwp-json%2Fwp%2Fv2%2Fpages%2F19\">Log ind<\/a><\/div>\n\n\n<p><\/p>\n<\/div><\/div>\n\n\n\n<p><\/p>\n","protected":false},"excerpt":{"rendered":"<p>Bestyrelsen Formand Flemming Pedersen M\u00f8llev\u00e6nget 23 1 8362 H\u00f8rning Telf. 21 47 79 45 &#8212; E-mail:&nbsp;bi-avler@mail.tele.dk Kasserer Gert Uhrskov Johansen S\u00f8nder Alle 23 8362 H\u00f8rning Telf. 26 81 24 43 &#8212; E-mail:&nbsp;gertjohansen@hostmail.dk&nbsp;&nbsp;&nbsp;&nbsp;&nbsp;&nbsp; N\u00e6stformand Carl Klixb\u00fcll Falkevej 5 8362 H\u00f8rning Telf. 31693565 &#8212; E-mail:&nbsp;carloklix@gmail.com Sekret\u00e6r Thomas Larsen B\u00f8gev\u00e6nget 16 8362 H\u00f8rning Telf. 93 91 30 17 [&hellip;]<\/p>\n","protected":false},"author":1,"featured_media":0,"parent":0,"menu_order":0,"comment_status":"closed","ping_status":"closed","template":"","meta":{"_monsterinsights_skip_tracking":false,"_monsterinsights_sitenote_active":false,"_monsterinsights_sitenote_note":"","_monsterinsights_sitenote_category":0,"footnotes":""},"class_list":["post-19","page","type-page","status-publish","hentry"],"aioseo_notices":[],"_links":{"self":[{"href":"https:\/\/xn--hrningborgerforening-bcc.dk\/index.php\/wp-json\/wp\/v2\/pages\/19","targetHints":{"allow":["GET"]}}],"collection":[{"href":"https:\/\/xn--hrningborgerforening-bcc.dk\/index.php\/wp-json\/wp\/v2\/pages"}],"about":[{"href":"https:\/\/xn--hrningborgerforening-bcc.dk\/index.php\/wp-json\/wp\/v2\/types\/page"}],"author":[{"embeddable":true,"href":"https:\/\/xn--hrningborgerforening-bcc.dk\/index.php\/wp-json\/wp\/v2\/users\/1"}],"replies":[{"embeddable":true,"href":"https:\/\/xn--hrningborgerforening-bcc.dk\/index.php\/wp-json\/wp\/v2\/comments?post=19"}],"version-history":[{"count":40,"href":"https:\/\/xn--hrningborgerforening-bcc.dk\/index.php\/wp-json\/wp\/v2\/pages\/19\/revisions"}],"predecessor-version":[{"id":1112,"href":"https:\/\/xn--hrningborgerforening-bcc.dk\/index.php\/wp-json\/wp\/v2\/pages\/19\/revisions\/1112"}],"wp:attachment":[{"href":"https:\/\/xn--hrningborgerforening-bcc.dk\/index.php\/wp-json\/wp\/v2\/media?parent=19"}],"curies":[{"name":"wp","href":"https:\/\/api.w.org\/{rel}","templated":true}]}}