{"id":647,"date":"2024-08-08T09:06:11","date_gmt":"2024-08-08T09:06:11","guid":{"rendered":"https:\/\/xn--hrningborgerforening-bcc.dk\/?page_id=647"},"modified":"2026-04-24T12:55:56","modified_gmt":"2026-04-24T12:55:56","slug":"jul-i-hoerning","status":"publish","type":"page","link":"http:\/\/xn--hrningborgerforening-bcc.dk\/index.php\/jul-i-hoerning\/","title":{"rendered":"Jul i H\u00f8rning"},"content":{"rendered":"<div class=\"wp-block-image\">\n<figure class=\"aligncenter size-large is-resized\"><img decoding=\"async\" src=\"http:\/\/xn--hrningborgerforening-bcc.dk\/wp-content\/uploads\/2024\/08\/JuliH4x.jpg\" alt=\"\" style=\"aspect-ratio:1.911045440400845;width:417px;height:auto\"\/><\/figure>\n<\/div>\n\n\n<div style=\"height:52px\" aria-hidden=\"true\" class=\"wp-block-spacer\"><\/div>\n\n\n\n<p><strong>H\u00f8rning Borgerforening har i 2025 for sidste gang udgivet &#8220;Jul i H\u00f8rning&#8221;.<\/strong> <\/p>\n\n\n\n<p>Vi har v\u00e6ret glade for, at s\u00e5 mange har svaret positivt p\u00e5 henvendelsen om at levere artikler og stof til bladet. Tak for det.<\/p>\n\n\n\n<p>Uden annonc\u00f8rer havde der ikke v\u00e6ret &#8220;Jul i H\u00f8rning&#8221;, s\u00e5 ogs\u00e5 en stor tak til dem og en kraftig opfordring til at st\u00f8tte vore tidligere annonc\u00f8rer. <\/p>\n\n\n\n<p>&#8220;Jul i H\u00f8rning&#8221; blev trykt i 5.200 eksemplarer og omdelt som et till\u00e6g til Uge-Bladet til alle husstande og virksomheder i postdistrikt 8362 og tillige i den &#8220;gamle&#8221; kommunes 8660 omr\u00e5de af frivillige. Bladet blev ogs\u00e5 fremlagt p\u00e5 udvalgte steder samt p\u00e5 H\u00f8rning Bibliotek.<\/p>\n\n\n\n<p>Ole Nissen og Niels K. Bach-Jensen var hovedkr\u00e6fterne bag produktionen af bladet.<\/p>\n","protected":false},"excerpt":{"rendered":"<p>H\u00f8rning Borgerforening har i 2025 for sidste gang udgivet &#8220;Jul i H\u00f8rning&#8221;. Vi har v\u00e6ret glade for, at s\u00e5 mange har svaret positivt p\u00e5 henvendelsen om at levere artikler og stof til bladet. Tak for det. Uden annonc\u00f8rer havde der ikke v\u00e6ret &#8220;Jul i H\u00f8rning&#8221;, s\u00e5 ogs\u00e5 en stor tak til dem og en kraftig [&hellip;]<\/p>\n","protected":false},"author":1,"featured_media":0,"parent":0,"menu_order":0,"comment_status":"closed","ping_status":"closed","template":"","meta":{"_monsterinsights_skip_tracking":false,"_monsterinsights_sitenote_active":false,"_monsterinsights_sitenote_note":"","_monsterinsights_sitenote_category":0,"footnotes":""},"class_list":["post-647","page","type-page","status-publish","hentry"],"aioseo_notices":[],"_links":{"self":[{"href":"http:\/\/xn--hrningborgerforening-bcc.dk\/index.php\/wp-json\/wp\/v2\/pages\/647","targetHints":{"allow":["GET"]}}],"collection":[{"href":"http:\/\/xn--hrningborgerforening-bcc.dk\/index.php\/wp-json\/wp\/v2\/pages"}],"about":[{"href":"http:\/\/xn--hrningborgerforening-bcc.dk\/index.php\/wp-json\/wp\/v2\/types\/page"}],"author":[{"embeddable":true,"href":"http:\/\/xn--hrningborgerforening-bcc.dk\/index.php\/wp-json\/wp\/v2\/users\/1"}],"replies":[{"embeddable":true,"href":"http:\/\/xn--hrningborgerforening-bcc.dk\/index.php\/wp-json\/wp\/v2\/comments?post=647"}],"version-history":[{"count":4,"href":"http:\/\/xn--hrningborgerforening-bcc.dk\/index.php\/wp-json\/wp\/v2\/pages\/647\/revisions"}],"predecessor-version":[{"id":1339,"href":"http:\/\/xn--hrningborgerforening-bcc.dk\/index.php\/wp-json\/wp\/v2\/pages\/647\/revisions\/1339"}],"wp:attachment":[{"href":"http:\/\/xn--hrningborgerforening-bcc.dk\/index.php\/wp-json\/wp\/v2\/media?parent=647"}],"curies":[{"name":"wp","href":"https:\/\/api.w.org\/{rel}","templated":true}]}}