{"id":50,"date":"2024-06-24T15:25:01","date_gmt":"2024-06-24T15:25:01","guid":{"rendered":"http:\/\/xn--hrningborgerforening-bcc.dk\/?page_id=50"},"modified":"2026-04-24T11:43:59","modified_gmt":"2026-04-24T11:43:59","slug":"generalforsamling","status":"publish","type":"page","link":"http:\/\/xn--hrningborgerforening-bcc.dk\/index.php\/generalforsamling\/","title":{"rendered":"GENERALFORSAMLING"},"content":{"rendered":"\n<h2 class=\"wp-block-heading\">Generalforsamlingen 2026 i H\u00f8rning Borgerforening<\/h2>\n\n\n\n<p class=\"has-text-align-left\">blev afholdt TORSDAG DEN 23. APRIL 2026 KL. 19.00 p\u00e5 R\u00e5dhusloftet i H\u00f8rning.<\/p>\n\n\n\n<p>Formand Flemming Petersens skriftlige beretning kan l\u00e6ses <strong><a href=\"https:\/\/xn--hrningborgerforening-bcc.dk\/index.php\/generalforsamling-2026-formandens-beretning\/\" title=\"\">HER<\/a>.<\/strong><\/p>\n\n\n\n<p>Referat af generalforsamlingen vil senere blive bragt <strong><em>HER<\/em><\/strong>. (Linket er ikke aktivt endnu.)<\/p>\n\n\n\n<div style=\"height:100px\" aria-hidden=\"true\" class=\"wp-block-spacer\"><\/div>\n\n\n\n<hr class=\"wp-block-separator has-alpha-channel-opacity\"\/>\n\n\n\n<div style=\"height:100px\" aria-hidden=\"true\" class=\"wp-block-spacer\"><\/div>\n\n\n\n<h2 class=\"wp-block-heading\">Generalforsamlingen 2025 i H\u00f8rning Borgerforening<\/h2>\n\n\n\n<p class=\"has-text-align-left\">blev afholdt TORSDAG DEN 24. APRIL 2025 KL. 19.00 p\u00e5 R\u00e5dhusloftet i H\u00f8rning.<\/p>\n\n\n\n<h4 class=\"wp-block-heading\">Referat:<\/h4>\n\n\n\n<p>N\u00e6stformand Flemming Pedersen fungerer som formand, idet b\u00e5de formand og suppleant har trukket sig fra bestyrelsen af helbredsm\u00e6ssige grunde.<\/p>\n\n\n\n<p>Der var ingen indvendinger til indvarsling af generalforsamlingen, s\u00e5 Flemming Pedersen berettede om foreningens aktiviteter i det afsluttende forenings\u00e5r.<\/p>\n\n\n\n<p>L\u00e6s hele beretningen <strong>HER<\/strong>. &#8230;&#8230;&#8230;(Der er lidt problemer med linket for tiden)<\/p>\n\n\n\n<div style=\"height:41px\" aria-hidden=\"true\" class=\"wp-block-spacer\"><\/div>\n\n\n\n<hr class=\"wp-block-separator has-alpha-channel-opacity\"\/>\n\n\n\n<figure class=\"wp-block-image size-full is-resized\"><img loading=\"lazy\" decoding=\"async\" width=\"589\" height=\"225\" src=\"http:\/\/xn--hrningborgerforening-bcc.dk\/wp-content\/uploads\/2024\/07\/Forsamling.jpg\" alt=\"\" class=\"wp-image-217\" style=\"width:275px;height:auto\" srcset=\"http:\/\/xn--hrningborgerforening-bcc.dk\/wp-content\/uploads\/2024\/07\/Forsamling.jpg 589w, http:\/\/xn--hrningborgerforening-bcc.dk\/wp-content\/uploads\/2024\/07\/Forsamling-300x115.jpg 300w\" sizes=\"auto, (max-width: 589px) 100vw, 589px\" \/><\/figure>\n\n\n\n<p><\/p>\n\n\n\n<p><\/p>\n","protected":false},"excerpt":{"rendered":"<p>Generalforsamlingen 2026 i H\u00f8rning Borgerforening blev afholdt TORSDAG DEN 23. APRIL 2026 KL. 19.00 p\u00e5 R\u00e5dhusloftet i H\u00f8rning. Formand Flemming Petersens skriftlige beretning kan l\u00e6ses HER. Referat af generalforsamlingen vil senere blive bragt HER. (Linket er ikke aktivt endnu.) Generalforsamlingen 2025 i H\u00f8rning Borgerforening blev afholdt TORSDAG DEN 24. APRIL 2025 KL. 19.00 p\u00e5 R\u00e5dhusloftet [&hellip;]<\/p>\n","protected":false},"author":1,"featured_media":0,"parent":0,"menu_order":0,"comment_status":"closed","ping_status":"closed","template":"","meta":{"_monsterinsights_skip_tracking":false,"_monsterinsights_sitenote_active":false,"_monsterinsights_sitenote_note":"","_monsterinsights_sitenote_category":0,"footnotes":""},"class_list":["post-50","page","type-page","status-publish","hentry"],"aioseo_notices":[],"_links":{"self":[{"href":"http:\/\/xn--hrningborgerforening-bcc.dk\/index.php\/wp-json\/wp\/v2\/pages\/50","targetHints":{"allow":["GET"]}}],"collection":[{"href":"http:\/\/xn--hrningborgerforening-bcc.dk\/index.php\/wp-json\/wp\/v2\/pages"}],"about":[{"href":"http:\/\/xn--hrningborgerforening-bcc.dk\/index.php\/wp-json\/wp\/v2\/types\/page"}],"author":[{"embeddable":true,"href":"http:\/\/xn--hrningborgerforening-bcc.dk\/index.php\/wp-json\/wp\/v2\/users\/1"}],"replies":[{"embeddable":true,"href":"http:\/\/xn--hrningborgerforening-bcc.dk\/index.php\/wp-json\/wp\/v2\/comments?post=50"}],"version-history":[{"count":23,"href":"http:\/\/xn--hrningborgerforening-bcc.dk\/index.php\/wp-json\/wp\/v2\/pages\/50\/revisions"}],"predecessor-version":[{"id":1335,"href":"http:\/\/xn--hrningborgerforening-bcc.dk\/index.php\/wp-json\/wp\/v2\/pages\/50\/revisions\/1335"}],"wp:attachment":[{"href":"http:\/\/xn--hrningborgerforening-bcc.dk\/index.php\/wp-json\/wp\/v2\/media?parent=50"}],"curies":[{"name":"wp","href":"https:\/\/api.w.org\/{rel}","templated":true}]}}