{"id":46,"date":"2024-06-24T15:23:41","date_gmt":"2024-06-24T15:23:41","guid":{"rendered":"http:\/\/xn--hrningborgerforening-bcc.dk\/?page_id=46"},"modified":"2025-07-07T11:12:07","modified_gmt":"2025-07-07T11:12:07","slug":"om-borgerforeningen","status":"publish","type":"page","link":"http:\/\/xn--hrningborgerforening-bcc.dk\/index.php\/om-borgerforeningen\/","title":{"rendered":"OM BORGERFORENINGEN"},"content":{"rendered":"<div class=\"wp-block-image\">\n<figure class=\"aligncenter size-full\"><img loading=\"lazy\" decoding=\"async\" width=\"313\" height=\"129\" src=\"http:\/\/xn--hrningborgerforening-bcc.dk\/wp-content\/uploads\/2024\/07\/Hoerning-skilt.jpg\" alt=\"\" class=\"wp-image-138\" srcset=\"http:\/\/xn--hrningborgerforening-bcc.dk\/wp-content\/uploads\/2024\/07\/Hoerning-skilt.jpg 313w, http:\/\/xn--hrningborgerforening-bcc.dk\/wp-content\/uploads\/2024\/07\/Hoerning-skilt-300x124.jpg 300w\" sizes=\"auto, (max-width: 313px) 100vw, 313px\" \/><\/figure>\n<\/div>\n\n\n<p class=\"has-text-align-center\"><strong>Borgerforeningen i historisk forl\u00f8b<\/strong><\/p>\n\n\n\n<div style=\"height:51px\" aria-hidden=\"true\" class=\"wp-block-spacer\"><\/div>\n\n\n\n<p><strong>H\u00f8rning og Omegns H\u00e5ndv\u00e6rkerforening<\/strong> blev oprettet og tr\u00e5dte i kraft ved et m\u00f8de, som afholdtes i H\u00f8rning Kro 1. april <strong>1892<\/strong> med det \u00f8nske og h\u00e5b, at alle Medlemmerne ville arbejde i Enighed og til f\u00e6lles Gavn.<\/p>\n\n\n\n<p>Ordene st\u00e5r som det f\u00f8rste i den nyoprettede forenings forhandlingsprotokol. Foreningen blev oprettet for at varetage h\u00e5nd- v\u00e6rksmestrenes faglige og forretnings- m\u00e6ssige problemer. Foreningen blev op- rettet for at varetage h\u00e5ndv\u00e6rksmestrenes faglige og forretningsm\u00e6ssige problemer. Den skulle v\u00e6re et samlingssted for med lemmerne, hvor de kunne udveksle meninger og id\u00e9er og \u00bbfatte beslutninger, sig- tende til Standens Vel, Opsving, Anseelse, Rettigheder og Interesser.<\/p>\n\n\n\n<p>For at blive optaget m\u00e5tte man ern\u00e6re sig som h\u00e5ndv\u00e6rker og \u00bbikke have gjort sig skyldig i nogen i den offentlige Mening van\u00e6rende Handling\u00ab. H\u00e6derlige m\u00e6nd udenfor H\u00e5ndv\u00e6rkerstanden kunne, mod et bidrag, som tilfaldt foreningens kasse, optages som passive medlemmer.<\/p>\n\n\n\n<p>Foreningen afholdt basar, hvor medlemmerne kunne udstille deres h\u00e5ndv\u00e6rksarbejder. Der var tombola, udflugter, foredrag, dilettantforestillinger, fugleskydning, kursus i bogf\u00f8ring, og der var \u00f8konomisk st\u00f8tte til medlemmer, som ved sygdom eller andet var blevet uskikket til at fors\u00f8rge sin familie. I 1905 oprettede man en teknisk aftenskole, som blev bevilget 50 kr. til udgifter til l\u00e6rer og materialer. Sogner\u00e5det stillede velvilligt skolens lokaler til r\u00e5dighed.<\/p>\n\n\n\n<p>I december <strong>1909<\/strong> blev H\u00e5ndv\u00e6rkerforeningen og H\u00f8rning Foredragsforening sammensluttet til H\u00f8rning og Omegns Haandv\u00e6rker- og Borgerforening. Foreningen styres af H\u00e5ndv\u00e6rkernes bestyrelse og et Udvalg p\u00e5 5 Mand, som v\u00e6lges af de passive medlemmer. Kontingentet for passive medlemmer var 2 kr. for g\u00e5rdejere, 1 kr. for husm\u00e6nd, 1 kr. for karle over 18 \u00e5r og 0,50 kr. for piger og karle under 18 \u00e5r.<\/p>\n\n\n\n<p>Foreningen etablerede i 1909 gadebelysning ved gaslamper, som bestyrelsens medlemmer p\u00e5 skift t\u00e6ndte og slukkede. H\u00f8rning sogner\u00e5d blev ans\u00f8gt om tilskud, men det blev afvist. I 1914 averterede man luxlamperne til salg, idet sogner\u00e5det over vejede sin stillingtagen til elektricitet.<\/p>\n\n\n\n<p>I <strong>1922<\/strong> s\u00f8gte og fik foreningen biografteaterbevilling\u00ab, men det lykkedes desv\u00e6rre ikke at f\u00e5 rejst den n\u00f8dvendige teaterbygning, og \u00e5ret efter var der ikke stemning for at forny bevillingen.<\/p>\n\n\n\n<p>Allerede i <strong>1923<\/strong> var der forslag om at \u00e6ndre foreningens navn til H\u00f8rning Haandv\u00e6rker- og Borgerforening, men man skulle helt frem til 1938 f\u00f8r beslutningen blev truffet.<\/p>\n\n\n\n<p>Foreningens 50-\u00e5rsjubil\u00e6um i <strong>1942<\/strong>, midt under krigen, blev helt symbolsk fejret ved, at byens borgere samlede penge ind til k\u00f8b af en fane. Fanen blev indviet ved jubil\u00e6umsfesten p\u00e5 H\u00f8rning kro. Prisen for festmiddagen p\u00e5 kroen: 5 kr. pr. kuvert.<\/p>\n\n\n\n<p>De usikre forhold under krigen f\u00f8rte til, at der p\u00e5 initiativ af HHB blev etableret et Frivilligt Borgerv\u00e6rn. Med \u00f8konomisk st\u00f8tte fra sogner\u00e5det, der stillede opvarmet vagt- stue til r\u00e5dighed for 8-mands vagthold med 4 mand p\u00e5 gaderne og 4 mand i vagtstuen. 123 havde meldt sig til arbejdet.<\/p>\n\n\n\n<p>1954 varslede nye tider. H\u00f8rning H\u00e5ndv\u00e6rker- og Borgerforening foreslog, at der blev indf\u00f8rt gadenavne i H\u00f8rning. Foreningen kom med en lang r\u00e6kke navneforslag. 10. september <strong>1957 <\/strong>kunne Blegind-H\u00f8rning k\u00e6mnerkontor s\u00e5 meddelte resultatet af forhandlingerne. Kommunen opsatte gadeskilte og husnumre, der dog skulle betales af lodsejerne.<\/p>\n\n\n\n<p>N\u00e6ste projekt var &#8211; det meget synlige &#8211; at der hvert \u00e5r op til Jul skulle rejses og pyntes to tr\u00e6er. For at skaffe penge dertil, ville man til alle husstande udsende en juleavis med praktiske oplysninger om \u00e5bningstider og arrangementer op til jul samt naturlig- vis annoncer. Dette lille juleblad har s\u00e5 gennem \u00e5rene udviklet sig til det blad, De sidder med her. Arbejdet med bladet blev overdraget til Niels Bach-Jensen, blandt venner og i ydmyghed \u201dDen gamle Redakt\u00f8r\u201d, der i perioden fra <strong>1960 til 1997<\/strong> stod for den store udvikling i \u201dJul i H\u00f8rning\u201d. Jan Fagerlund tog sig af 1998 udgaven og i de f\u00f8lgende tre \u00e5r var redaktionen lagt i gode h\u00e6nder hos Ole Krarup Leth indtil den nuv\u00e6rende redaktion tog over i <strong>2002.<\/strong><\/p>\n\n\n\n<p>Allerede i begyndelsen af 60&#8217;erne viste \u201dJul i H\u00f8rning\u201d sig at give overskud, og det var derfor kun naturligt, at man arbejdede videre med tanken om ved s\u00e6rlige lejligheder at kunne etablere en flagall\u00e9 langs hovedvejen gennem byen. I dag r\u00e5der foreningen over en flagall\u00e9 p\u00e5 48 st\u00e6nger. 48 slidte st\u00e6nger, der dog snart afl\u00f8ses af nye i glasfiber. (Dette er nu sket, red.)<\/p>\n\n\n\n<p>H\u00e5ndv\u00e6rker- og Borgerforeningens helt store projekt har dog v\u00e6ret H\u00f8rning Hallen. Forslaget var allerede p\u00e5 bordet i 1966, og i <strong>1967 <\/strong>nedsatte man et bredt repr\u00e6senteret 11-mands Haludvalg, og s\u00e5 gik man ellers i gang med at samle penge. Der blev afholdt andespil, filmaftner, byfester, husstandsindsamlinger, m\u00e6rkatsalg og meget andet. Man fik st\u00f8tte fra byens pengeinstitutter og fra st\u00f8rre firmaer, og kommunen lovede at stille grund og parkeringsplads til r\u00e5dighed, n\u00e5r man n\u00e5ede over 150.000 kr. M\u00e5let blev n\u00e5et i 1969. Byggeriet blev igangsat i 1972, og den 1. december <strong>1973<\/strong> var der indvielse.<\/p>\n\n\n\n<p>I <strong>1994 <\/strong>\u00e6ndrede foreningen igen navn. P\u00e5 en ekstraordin\u00e6r generalforsamling den 19. maj 1994 blev den gamle forening, der startede som \u201d H\u00f8rning og Omegns Haandv\u00e6rkerforening\u201d til <strong>\u201dH\u00f8rning Borgerforening\u201d<\/strong>.<\/p>\n\n\n\n<div style=\"height:38px\" aria-hidden=\"true\" class=\"wp-block-spacer\"><\/div>\n\n\n\n<p class=\"has-text-align-left\">Af tidligere formand Flemming Sondrup<\/p>\n\n\n\n<div style=\"height:59px\" aria-hidden=\"true\" class=\"wp-block-spacer\"><\/div>\n\n\n\n<p>Foreningen har pt ingen nulevende \u00e6resmedlemmer. <\/p>\n\n\n\n<div style=\"height:50px\" aria-hidden=\"true\" class=\"wp-block-spacer\"><\/div>\n\n\n\n<p><\/p>\n","protected":false},"excerpt":{"rendered":"<p>Borgerforeningen i historisk forl\u00f8b H\u00f8rning og Omegns H\u00e5ndv\u00e6rkerforening blev oprettet og tr\u00e5dte i kraft ved et m\u00f8de, som afholdtes i H\u00f8rning Kro 1. april 1892 med det \u00f8nske og h\u00e5b, at alle Medlemmerne ville arbejde i Enighed og til f\u00e6lles Gavn. Ordene st\u00e5r som det f\u00f8rste i den nyoprettede forenings forhandlingsprotokol. Foreningen blev oprettet for [&hellip;]<\/p>\n","protected":false},"author":1,"featured_media":0,"parent":0,"menu_order":0,"comment_status":"closed","ping_status":"closed","template":"","meta":{"_monsterinsights_skip_tracking":false,"_monsterinsights_sitenote_active":false,"_monsterinsights_sitenote_note":"","_monsterinsights_sitenote_category":0,"footnotes":""},"class_list":["post-46","page","type-page","status-publish","hentry"],"aioseo_notices":[],"_links":{"self":[{"href":"http:\/\/xn--hrningborgerforening-bcc.dk\/index.php\/wp-json\/wp\/v2\/pages\/46","targetHints":{"allow":["GET"]}}],"collection":[{"href":"http:\/\/xn--hrningborgerforening-bcc.dk\/index.php\/wp-json\/wp\/v2\/pages"}],"about":[{"href":"http:\/\/xn--hrningborgerforening-bcc.dk\/index.php\/wp-json\/wp\/v2\/types\/page"}],"author":[{"embeddable":true,"href":"http:\/\/xn--hrningborgerforening-bcc.dk\/index.php\/wp-json\/wp\/v2\/users\/1"}],"replies":[{"embeddable":true,"href":"http:\/\/xn--hrningborgerforening-bcc.dk\/index.php\/wp-json\/wp\/v2\/comments?post=46"}],"version-history":[{"count":16,"href":"http:\/\/xn--hrningborgerforening-bcc.dk\/index.php\/wp-json\/wp\/v2\/pages\/46\/revisions"}],"predecessor-version":[{"id":1031,"href":"http:\/\/xn--hrningborgerforening-bcc.dk\/index.php\/wp-json\/wp\/v2\/pages\/46\/revisions\/1031"}],"wp:attachment":[{"href":"http:\/\/xn--hrningborgerforening-bcc.dk\/index.php\/wp-json\/wp\/v2\/media?parent=46"}],"curies":[{"name":"wp","href":"https:\/\/api.w.org\/{rel}","templated":true}]}}